{"id":9389,"date":"2026-04-28T10:03:26","date_gmt":"2026-04-28T09:03:26","guid":{"rendered":"https:\/\/www.laparaups.com\/ups-doctor-lapara\/"},"modified":"2026-04-30T08:25:01","modified_gmt":"2026-04-30T07:25:01","slug":"ups-doctor-lapara","status":"publish","type":"page","link":"https:\/\/www.laparaups.com\/en\/ups-doctor-lapara\/","title":{"rendered":"UPS Doctor lapara"},"content":{"rendered":"<style>.kb-row-layout-id9347_9fcb7d-50 > .kt-row-column-wrap{align-content:start;}:where(.kb-row-layout-id9347_9fcb7d-50 > .kt-row-column-wrap) > .wp-block-kadence-column{justify-content:start;}.kb-row-layout-id9347_9fcb7d-50 > .kt-row-column-wrap{column-gap:var(--global-kb-gap-md, 2rem);row-gap:var(--global-kb-gap-md, 2rem);max-width:920px;margin-left:auto;margin-right:auto;padding-top:103px;padding-bottom:100px;grid-template-columns:minmax(0, 1fr);}.kb-row-layout-id9347_9fcb7d-50 > .kt-row-layout-overlay{opacity:0.35;background-color:#ffffff;background-image:url('https:\/\/laparaups.com\/wp-content\/uploads\/2026\/02\/descargas.jpg');background-size:cover;background-position:48% 44%;background-attachment:scroll;background-repeat:no-repeat;mix-blend-mode:luminosity;}@media all and (max-width: 1024px){.kb-row-layout-id9347_9fcb7d-50 > .kt-row-column-wrap{grid-template-columns:minmax(0, 1fr);}}@media all and (max-width: 767px){.kb-row-layout-id9347_9fcb7d-50 > .kt-row-column-wrap{grid-template-columns:minmax(0, 1fr);}}<\/style><div class=\"kb-row-layout-wrap kb-row-layout-id9347_9fcb7d-50 alignnone has-theme-palette3-background-color kt-row-has-bg wp-block-kadence-rowlayout\"><div class=\"kt-row-layout-overlay kt-row-overlay-normal\"><\/div><div class=\"kt-row-column-wrap kt-has-1-columns kt-row-layout-equal kt-tab-layout-inherit kt-mobile-layout-row kt-row-valign-top\">\n<style>.kadence-column9347_5f8dcf-63 > .kt-inside-inner-col,.kadence-column9347_5f8dcf-63 > .kt-inside-inner-col:before{border-top-left-radius:0px;border-top-right-radius:0px;border-bottom-right-radius:0px;border-bottom-left-radius:0px;}.kadence-column9347_5f8dcf-63 > .kt-inside-inner-col{column-gap:var(--global-kb-gap-sm, 1rem);}.kadence-column9347_5f8dcf-63 > .kt-inside-inner-col{flex-direction:column;}.kadence-column9347_5f8dcf-63 > .kt-inside-inner-col > .aligncenter{width:100%;}.kadence-column9347_5f8dcf-63 > .kt-inside-inner-col:before{opacity:0.3;}.kadence-column9347_5f8dcf-63{position:relative;}@media all and (max-width: 1024px){.kadence-column9347_5f8dcf-63 > .kt-inside-inner-col{flex-direction:column;justify-content:center;}}@media all and (max-width: 767px){.kadence-column9347_5f8dcf-63 > .kt-inside-inner-col{flex-direction:column;justify-content:center;}}<\/style>\n<div class=\"wp-block-kadence-column kadence-column9347_5f8dcf-63 inner-column-1\"><div class=\"kt-inside-inner-col\"><style>.wp-block-kadence-advancedheading.kt-adv-heading9347_0474eb-4c, .wp-block-kadence-advancedheading.kt-adv-heading9347_0474eb-4c[data-kb-block=\"kb-adv-heading9347_0474eb-4c\"]{text-align:center;font-style:normal;}.wp-block-kadence-advancedheading.kt-adv-heading9347_0474eb-4c mark.kt-highlight, .wp-block-kadence-advancedheading.kt-adv-heading9347_0474eb-4c[data-kb-block=\"kb-adv-heading9347_0474eb-4c\"] mark.kt-highlight{font-style:normal;color:#f76a0c;-webkit-box-decoration-break:clone;box-decoration-break:clone;padding-top:0px;padding-right:0px;padding-bottom:0px;padding-left:0px;}.wp-block-kadence-advancedheading.kt-adv-heading9347_0474eb-4c img.kb-inline-image, .wp-block-kadence-advancedheading.kt-adv-heading9347_0474eb-4c[data-kb-block=\"kb-adv-heading9347_0474eb-4c\"] img.kb-inline-image{width:150px;vertical-align:baseline;}@media all and (max-width: 767px){.wp-block-kadence-advancedheading.kt-adv-heading9347_0474eb-4c, .wp-block-kadence-advancedheading.kt-adv-heading9347_0474eb-4c[data-kb-block=\"kb-adv-heading9347_0474eb-4c\"]{font-size:24px;}}<\/style>\n<h2 class=\"kt-adv-heading9347_0474eb-4c wp-block-kadence-advancedheading has-theme-palette-9-color has-text-color\" data-kb-block=\"kb-adv-heading9347_0474eb-4c\">UPS Diagnosis \u00b7 SAI Doctor Lapara<\/h2>\n<\/div><\/div>\n\n<\/div><\/div><style>.kb-row-layout-id9347_d3478b-6a > .kt-row-column-wrap{align-content:start;}:where(.kb-row-layout-id9347_d3478b-6a > .kt-row-column-wrap) > .wp-block-kadence-column{justify-content:start;}.kb-row-layout-id9347_d3478b-6a > .kt-row-column-wrap{column-gap:var(--global-kb-gap-md, 2rem);row-gap:var(--global-kb-gap-md, 2rem);max-width:var( --global-content-width, 1290px );padding-left:var(--global-content-edge-padding);padding-right:var(--global-content-edge-padding);padding-top:80px;padding-bottom:80px;grid-template-columns:repeat(2, minmax(0, 1fr));}.kb-row-layout-id9347_d3478b-6a > .kt-row-layout-overlay{opacity:0.30;}@media all and (max-width: 1024px){.kb-row-layout-id9347_d3478b-6a > .kt-row-column-wrap{grid-template-columns:repeat(2, minmax(0, 1fr));}}@media all and (max-width: 767px){.kb-row-layout-id9347_d3478b-6a > .kt-row-column-wrap{padding-top:60px;padding-bottom:60px;grid-template-columns:minmax(0, 1fr);}}<\/style><div class=\"kb-row-layout-wrap kb-row-layout-id9347_d3478b-6a alignnone wp-block-kadence-rowlayout\"><div class=\"kt-row-column-wrap kt-has-2-columns kt-row-layout-equal kt-tab-layout-inherit kt-mobile-layout-row kt-row-valign-top kb-theme-content-width\">\n<style>.kadence-column9347_1beffe-14 > .kt-inside-inner-col{display:flex;}.kadence-column9347_1beffe-14 > .kt-inside-inner-col,.kadence-column9347_1beffe-14 > .kt-inside-inner-col:before{border-top-left-radius:0px;border-top-right-radius:0px;border-bottom-right-radius:0px;border-bottom-left-radius:0px;}.kadence-column9347_1beffe-14 > .kt-inside-inner-col{column-gap:var(--global-kb-gap-sm, 1rem);}.kadence-column9347_1beffe-14 > .kt-inside-inner-col{flex-direction:column;justify-content:flex-start;}.kadence-column9347_1beffe-14 > .kt-inside-inner-col > .aligncenter{width:100%;}.kt-row-column-wrap > .kadence-column9347_1beffe-14{align-self:flex-start;}.kt-inner-column-height-full:not(.kt-has-1-columns) > .wp-block-kadence-column.kadence-column9347_1beffe-14{align-self:auto;}.kt-inner-column-height-full:not(.kt-has-1-columns) > .wp-block-kadence-column.kadence-column9347_1beffe-14 > .kt-inside-inner-col{flex-direction:column;justify-content:flex-start;}.kadence-column9347_1beffe-14 > .kt-inside-inner-col:before{opacity:0.3;}.kadence-column9347_1beffe-14{position:relative;}@media all and (max-width: 1024px){.kt-row-column-wrap > .kadence-column9347_1beffe-14{align-self:flex-start;}}@media all and (max-width: 1024px){.kt-inner-column-height-full:not(.kt-has-1-columns) > .wp-block-kadence-column.kadence-column9347_1beffe-14{align-self:auto;}}@media all and (max-width: 1024px){.kt-inner-column-height-full:not(.kt-has-1-columns) > .wp-block-kadence-column.kadence-column9347_1beffe-14 > .kt-inside-inner-col{flex-direction:column;justify-content:flex-start;}}@media all and (max-width: 1024px){.kadence-column9347_1beffe-14 > .kt-inside-inner-col{flex-direction:column;justify-content:flex-start;}}@media all and (max-width: 767px){.kt-row-column-wrap > .kadence-column9347_1beffe-14{align-self:flex-start;}.kt-inner-column-height-full:not(.kt-has-1-columns) > .wp-block-kadence-column.kadence-column9347_1beffe-14{align-self:auto;}.kt-inner-column-height-full:not(.kt-has-1-columns) > .wp-block-kadence-column.kadence-column9347_1beffe-14 > .kt-inside-inner-col{flex-direction:column;justify-content:flex-start;}.kadence-column9347_1beffe-14 > .kt-inside-inner-col{flex-direction:column;justify-content:flex-start;}}<\/style>\n<div class=\"wp-block-kadence-column kadence-column9347_1beffe-14\"><div class=\"kt-inside-inner-col\"><style>.wp-block-kadence-advancedheading.kt-adv-heading9347_004a53-57, .wp-block-kadence-advancedheading.kt-adv-heading9347_004a53-57[data-kb-block=\"kb-adv-heading9347_004a53-57\"]{font-size:18px;font-style:normal;}.wp-block-kadence-advancedheading.kt-adv-heading9347_004a53-57 mark.kt-highlight, .wp-block-kadence-advancedheading.kt-adv-heading9347_004a53-57[data-kb-block=\"kb-adv-heading9347_004a53-57\"] mark.kt-highlight{font-style:normal;color:#f76a0c;-webkit-box-decoration-break:clone;box-decoration-break:clone;padding-top:0px;padding-right:0px;padding-bottom:0px;padding-left:0px;}.wp-block-kadence-advancedheading.kt-adv-heading9347_004a53-57 img.kb-inline-image, .wp-block-kadence-advancedheading.kt-adv-heading9347_004a53-57[data-kb-block=\"kb-adv-heading9347_004a53-57\"] img.kb-inline-image{width:150px;vertical-align:baseline;}@media all and (max-width: 767px){.wp-block-kadence-advancedheading.kt-adv-heading9347_004a53-57, .wp-block-kadence-advancedheading.kt-adv-heading9347_004a53-57[data-kb-block=\"kb-adv-heading9347_004a53-57\"]{text-align:center!important;}}<\/style>\n<p class=\"kt-adv-heading9347_004a53-57 wp-block-kadence-advancedheading has-theme-palette-4-color has-text-color\" data-kb-block=\"kb-adv-heading9347_004a53-57\">SAI Doctor Lapara Energy Networks is an advanced technical diagnostic tool for Uninterruptible Power Supply systems. It identifies the cause of a fault based on the code displayed by the UPS, the LED pattern, the beep sequence, or the observed symptom, and provides a clear explanation with the most likely causes, step-by-step solutions, and the actual criticality of the case. It covers the 31 models in the Lapara catalogue, distributed across 12 families and 6 technologies: Offline, Line-Interactive, Line-Interactive Sine Wave, DC, Online Double Conversion, and Three-Phase Online. It includes technical datasheets with a complete table of codes by model, a quick step-by-step user guide for each unit, real LCD diagrams with annotated zones, and specific commissioning notes.<br\/>The tool is fully translated into Spanish, English, and Portuguese, and works 100% offline.   <\/p>\n\n\n\n<div class=\"wp-block-buttons is-layout-flex wp-block-buttons-is-layout-flex\">\n<div class=\"wp-block-button\"><a class=\"wp-block-button__link wp-element-button\" href=\"https:\/\/www.laparaups.com\/download\/sai-doctor-lapara.zip\" target=\"_blank\" rel=\"noreferrer noopener\">DOWNLOAD SOFTWARE<\/a><\/div>\n<\/div>\n<\/div><\/div>\n\n\n<style>.kadence-column9347_a82bb7-2f > .kt-inside-inner-col{display:flex;}.kadence-column9347_a82bb7-2f > .kt-inside-inner-col,.kadence-column9347_a82bb7-2f > .kt-inside-inner-col:before{border-top-left-radius:0px;border-top-right-radius:0px;border-bottom-right-radius:0px;border-bottom-left-radius:0px;}.kadence-column9347_a82bb7-2f > .kt-inside-inner-col{column-gap:var(--global-kb-gap-sm, 1rem);}.kadence-column9347_a82bb7-2f > .kt-inside-inner-col{flex-direction:column;justify-content:flex-start;}.kadence-column9347_a82bb7-2f > .kt-inside-inner-col > .aligncenter{width:100%;}.kt-row-column-wrap > .kadence-column9347_a82bb7-2f{align-self:flex-start;}.kt-inner-column-height-full:not(.kt-has-1-columns) > .wp-block-kadence-column.kadence-column9347_a82bb7-2f{align-self:auto;}.kt-inner-column-height-full:not(.kt-has-1-columns) > .wp-block-kadence-column.kadence-column9347_a82bb7-2f > .kt-inside-inner-col{flex-direction:column;justify-content:flex-start;}.kadence-column9347_a82bb7-2f > .kt-inside-inner-col:before{opacity:0.3;}.kadence-column9347_a82bb7-2f{position:relative;}@media all and (max-width: 1024px){.kt-row-column-wrap > .kadence-column9347_a82bb7-2f{align-self:flex-start;}}@media all and (max-width: 1024px){.kt-inner-column-height-full:not(.kt-has-1-columns) > .wp-block-kadence-column.kadence-column9347_a82bb7-2f{align-self:auto;}}@media all and (max-width: 1024px){.kt-inner-column-height-full:not(.kt-has-1-columns) > .wp-block-kadence-column.kadence-column9347_a82bb7-2f > .kt-inside-inner-col{flex-direction:column;justify-content:flex-start;}}@media all and (max-width: 1024px){.kadence-column9347_a82bb7-2f > .kt-inside-inner-col{flex-direction:column;justify-content:flex-start;}}@media all and (max-width: 767px){.kt-row-column-wrap > .kadence-column9347_a82bb7-2f{align-self:flex-start;}.kt-inner-column-height-full:not(.kt-has-1-columns) > .wp-block-kadence-column.kadence-column9347_a82bb7-2f{align-self:auto;}.kt-inner-column-height-full:not(.kt-has-1-columns) > .wp-block-kadence-column.kadence-column9347_a82bb7-2f > .kt-inside-inner-col{flex-direction:column;justify-content:flex-start;}.kadence-column9347_a82bb7-2f > .kt-inside-inner-col{flex-direction:column;justify-content:flex-start;}}<\/style>\n<div class=\"wp-block-kadence-column kadence-column9347_a82bb7-2f\"><div class=\"kt-inside-inner-col\"><style>.wp-block-kadence-iconlist.kt-svg-icon-list-items9347_3571c3-5f:not(.this-stops-third-party-issues){margin-top:0px;margin-bottom:0px;}.wp-block-kadence-iconlist.kt-svg-icon-list-items9347_3571c3-5f ul.kt-svg-icon-list:not(.this-prevents-issues):not(.this-stops-third-party-issues):not(.tijsloc){margin-top:0px;margin-right:0px;margin-bottom:0px;margin-left:0px;}.wp-block-kadence-iconlist.kt-svg-icon-list-items9347_3571c3-5f ul.kt-svg-icon-list{grid-row-gap:5px;}.wp-block-kadence-iconlist.kt-svg-icon-list-items9347_3571c3-5f ul.kt-svg-icon-list .kt-svg-icon-list-item-wrap .kt-svg-icon-list-single{margin-right:10px;}.kt-svg-icon-list-items9347_3571c3-5f ul.kt-svg-icon-list .kt-svg-icon-list-item-wrap, .kt-svg-icon-list-items9347_3571c3-5f ul.kt-svg-icon-list .kt-svg-icon-list-item-wrap a{font-size:18px;}.kt-svg-icon-list-items9347_3571c3-5f ul.kt-svg-icon-list .kt-svg-icon-list-level-0 .kt-svg-icon-list-single svg{font-size:20px;}<\/style>\n<div class=\"wp-block-kadence-iconlist kt-svg-icon-list-items kt-svg-icon-list-items9347_3571c3-5f kt-svg-icon-list-columns-1 alignnone\"><ul class=\"kt-svg-icon-list\"><style>.kt-svg-icon-list-item-9347_fc2b80-e4 .kt-svg-icon-list-text mark.kt-highlight{background-color:unset;font-style:normal;color:#f76a0c;-webkit-box-decoration-break:clone;box-decoration-break:clone;padding-top:0px;padding-right:0px;padding-bottom:0px;padding-left:0px;}<\/style>\n<li class=\"wp-block-kadence-listitem kt-svg-icon-list-item-wrap kt-svg-icon-list-item-9347_fc2b80-e4\"><span class=\"kb-svg-icon-wrap kb-svg-icon-fe_checkCircle kt-svg-icon-list-single\"><svg viewBox=\"0 0 24 24\"  fill=\"none\" stroke=\"currentColor\" stroke-width=\"2\" stroke-linecap=\"round\" stroke-linejoin=\"round\" xmlns=\"http:\/\/www.w3.org\/2000\/svg\"  aria-hidden=\"true\"><path d=\"M22 11.08V12a10 10 0 1 1-5.93-9.14\"\/><polyline points=\"22 4 12 14.01 9 11.01\"\/><\/svg><\/span><span class=\"kt-svg-icon-list-text\">It enables fault diagnosis by code, LED, beep, or symptom.<\/span><\/li>\n\n\n<style>.kt-svg-icon-list-item-9347_b89443-a1 .kt-svg-icon-list-text mark.kt-highlight{background-color:unset;font-style:normal;color:#f76a0c;-webkit-box-decoration-break:clone;box-decoration-break:clone;padding-top:0px;padding-right:0px;padding-bottom:0px;padding-left:0px;}<\/style>\n<li class=\"wp-block-kadence-listitem kt-svg-icon-list-item-wrap kt-svg-icon-list-item-9347_b89443-a1\"><span class=\"kb-svg-icon-wrap kb-svg-icon-fe_checkCircle kt-svg-icon-list-single\"><svg viewBox=\"0 0 24 24\"  fill=\"none\" stroke=\"currentColor\" stroke-width=\"2\" stroke-linecap=\"round\" stroke-linejoin=\"round\" xmlns=\"http:\/\/www.w3.org\/2000\/svg\"  aria-hidden=\"true\"><path d=\"M22 11.08V12a10 10 0 1 1-5.93-9.14\"\/><polyline points=\"22 4 12 14.01 9 11.01\"\/><\/svg><\/span><span class=\"kt-svg-icon-list-text\">It allows you to consult the complete technical datasheet for each model.<\/span><\/li>\n\n\n<style>.kt-svg-icon-list-item-9347_a463eb-4a .kt-svg-icon-list-text mark.kt-highlight{background-color:unset;font-style:normal;color:#f76a0c;-webkit-box-decoration-break:clone;box-decoration-break:clone;padding-top:0px;padding-right:0px;padding-bottom:0px;padding-left:0px;}<\/style>\n<li class=\"wp-block-kadence-listitem kt-svg-icon-list-item-wrap kt-svg-icon-list-item-9347_a463eb-4a\"><span class=\"kb-svg-icon-wrap kb-svg-icon-fe_checkCircle kt-svg-icon-list-single\"><svg viewBox=\"0 0 24 24\"  fill=\"none\" stroke=\"currentColor\" stroke-width=\"2\" stroke-linecap=\"round\" stroke-linejoin=\"round\" xmlns=\"http:\/\/www.w3.org\/2000\/svg\"  aria-hidden=\"true\"><path d=\"M22 11.08V12a10 10 0 1 1-5.93-9.14\"\/><polyline points=\"22 4 12 14.01 9 11.01\"\/><\/svg><\/span><span class=\"kt-svg-icon-list-text\">Allows you to search for models according to the required autonomy.<\/span><\/li>\n\n\n<style>.kt-svg-icon-list-item-9347_a6961a-19 .kt-svg-icon-list-text mark.kt-highlight{background-color:unset;font-style:normal;color:#f76a0c;-webkit-box-decoration-break:clone;box-decoration-break:clone;padding-top:0px;padding-right:0px;padding-bottom:0px;padding-left:0px;}<\/style>\n<li class=\"wp-block-kadence-listitem kt-svg-icon-list-item-wrap kt-svg-icon-list-item-9347_a6961a-19\"><span class=\"kb-svg-icon-wrap kb-svg-icon-fe_checkCircle kt-svg-icon-list-single\"><svg viewBox=\"0 0 24 24\"  fill=\"none\" stroke=\"currentColor\" stroke-width=\"2\" stroke-linecap=\"round\" stroke-linejoin=\"round\" xmlns=\"http:\/\/www.w3.org\/2000\/svg\"  aria-hidden=\"true\"><path d=\"M22 11.08V12a10 10 0 1 1-5.93-9.14\"\/><polyline points=\"22 4 12 14.01 9 11.01\"\/><\/svg><\/span><span class=\"kt-svg-icon-list-text\">It provides a quick step-by-step user guide for each model.<\/span><\/li>\n\n\n<style>.kt-svg-icon-list-item-9347_97486d-ac .kt-svg-icon-list-text mark.kt-highlight{background-color:unset;font-style:normal;color:#f76a0c;-webkit-box-decoration-break:clone;box-decoration-break:clone;padding-top:0px;padding-right:0px;padding-bottom:0px;padding-left:0px;}<\/style>\n<li class=\"wp-block-kadence-listitem kt-svg-icon-list-item-wrap kt-svg-icon-list-item-9347_97486d-ac\"><span class=\"kb-svg-icon-wrap kb-svg-icon-fe_checkCircle kt-svg-icon-list-single\"><svg viewBox=\"0 0 24 24\"  fill=\"none\" stroke=\"currentColor\" stroke-width=\"2\" stroke-linecap=\"round\" stroke-linejoin=\"round\" xmlns=\"http:\/\/www.w3.org\/2000\/svg\"  aria-hidden=\"true\"><path d=\"M22 11.08V12a10 10 0 1 1-5.93-9.14\"\/><polyline points=\"22 4 12 14.01 9 11.01\"\/><\/svg><\/span><span class=\"kt-svg-icon-list-text\">Access a quick step-by-step user guide for each model.<\/span><\/li>\n\n\n<style>.kt-svg-icon-list-item-9347_774f62-0b .kt-svg-icon-list-text mark.kt-highlight{background-color:unset;font-style:normal;color:#f76a0c;-webkit-box-decoration-break:clone;box-decoration-break:clone;padding-top:0px;padding-right:0px;padding-bottom:0px;padding-left:0px;}<\/style>\n<li class=\"wp-block-kadence-listitem kt-svg-icon-list-item-wrap kt-svg-icon-list-item-9347_774f62-0b\"><span class=\"kb-svg-icon-wrap kb-svg-icon-fe_checkCircle kt-svg-icon-list-single\"><svg viewBox=\"0 0 24 24\"  fill=\"none\" stroke=\"currentColor\" stroke-width=\"2\" stroke-linecap=\"round\" stroke-linejoin=\"round\" xmlns=\"http:\/\/www.w3.org\/2000\/svg\"  aria-hidden=\"true\"><path d=\"M22 11.08V12a10 10 0 1 1-5.93-9.14\"\/><polyline points=\"22 4 12 14.01 9 11.01\"\/><\/svg><\/span><span class=\"kt-svg-icon-list-text\">Read model-specific commissioning notes.<\/span><\/li>\n\n\n<style>.kt-svg-icon-list-item-9347_dad117-7a .kt-svg-icon-list-text mark.kt-highlight{background-color:unset;font-style:normal;color:#f76a0c;-webkit-box-decoration-break:clone;box-decoration-break:clone;padding-top:0px;padding-right:0px;padding-bottom:0px;padding-left:0px;}<\/style>\n<li class=\"wp-block-kadence-listitem kt-svg-icon-list-item-wrap kt-svg-icon-list-item-9347_dad117-7a\"><span class=\"kb-svg-icon-wrap kb-svg-icon-fe_checkCircle kt-svg-icon-list-single\"><svg viewBox=\"0 0 24 24\"  fill=\"none\" stroke=\"currentColor\" stroke-width=\"2\" stroke-linecap=\"round\" stroke-linejoin=\"round\" xmlns=\"http:\/\/www.w3.org\/2000\/svg\"  aria-hidden=\"true\"><path d=\"M22 11.08V12a10 10 0 1 1-5.93-9.14\"\/><polyline points=\"22 4 12 14.01 9 11.01\"\/><\/svg><\/span><span class=\"kt-svg-icon-list-text\">Get clear causes, prioritised solutions, and severity level.<\/span><\/li>\n\n\n<style>.kt-svg-icon-list-item-9347_a2978a-90 .kt-svg-icon-list-text mark.kt-highlight{background-color:unset;font-style:normal;color:#f76a0c;-webkit-box-decoration-break:clone;box-decoration-break:clone;padding-top:0px;padding-right:0px;padding-bottom:0px;padding-left:0px;}<\/style>\n<li class=\"wp-block-kadence-listitem kt-svg-icon-list-item-wrap kt-svg-icon-list-item-9347_a2978a-90\"><span class=\"kb-svg-icon-wrap kb-svg-icon-fe_checkCircle kt-svg-icon-list-single\"><svg viewBox=\"0 0 24 24\"  fill=\"none\" stroke=\"currentColor\" stroke-width=\"2\" stroke-linecap=\"round\" stroke-linejoin=\"round\" xmlns=\"http:\/\/www.w3.org\/2000\/svg\"  aria-hidden=\"true\"><path d=\"M22 11.08V12a10 10 0 1 1-5.93-9.14\"\/><polyline points=\"22 4 12 14.01 9 11.01\"\/><\/svg><\/span><span class=\"kt-svg-icon-list-text\">Permite cambiar entre espa\u00f1ol, ingl\u00e9s y portugu\u00e9s en cualquier momento.<\/span><\/li>\n\n\n<style>.kt-svg-icon-list-item-9347_b0f335-6b .kt-svg-icon-list-text mark.kt-highlight{background-color:unset;font-style:normal;color:#f76a0c;-webkit-box-decoration-break:clone;box-decoration-break:clone;padding-top:0px;padding-right:0px;padding-bottom:0px;padding-left:0px;}<\/style>\n<li class=\"wp-block-kadence-listitem kt-svg-icon-list-item-wrap kt-svg-icon-list-item-9347_b0f335-6b\"><span class=\"kb-svg-icon-wrap kb-svg-icon-fe_checkCircle kt-svg-icon-list-single\"><svg viewBox=\"0 0 24 24\"  fill=\"none\" stroke=\"currentColor\" stroke-width=\"2\" stroke-linecap=\"round\" stroke-linejoin=\"round\" xmlns=\"http:\/\/www.w3.org\/2000\/svg\"  aria-hidden=\"true\"><path d=\"M22 11.08V12a10 10 0 1 1-5.93-9.14\"\/><polyline points=\"22 4 12 14.01 9 11.01\"\/><\/svg><\/span><span class=\"kt-svg-icon-list-text\">Switch between Spanish, English, and Portuguese at any time.Permite trabajar 100% offline.<\/span><\/li>\n<\/ul><\/div>\n<\/div><\/div>\n\n<\/div><\/div>\n<p><\/p>\n","protected":false},"excerpt":{"rendered":"<p>UPS Diagnosis \u00b7 SAI Doctor Lapara SAI Doctor Lapara Energy Networks is an advanced technical diagnostic tool for Uninterruptible Power Supply systems. It identifies the cause of a fault based on the code displayed by the UPS, the LED pattern, the beep sequence, or the observed symptom, and provides a clear explanation with the most&#8230;<\/p>\n","protected":false},"author":3,"featured_media":0,"parent":0,"menu_order":0,"comment_status":"closed","ping_status":"closed","template":"","meta":{"_acf_changed":false,"_kad_blocks_custom_css":"","_kad_blocks_head_custom_js":"","_kad_blocks_body_custom_js":"","_kad_blocks_footer_custom_js":"","_kad_post_transparent":"","_kad_post_title":"","_kad_post_layout":"","_kad_post_sidebar_id":"","_kad_post_content_style":"","_kad_post_vertical_padding":"","_kad_post_feature":"","_kad_post_feature_position":"","_kad_post_header":false,"_kad_post_footer":false,"_kad_post_classname":"","footnotes":""},"class_list":["post-9389","page","type-page","status-publish","hentry"],"acf":[],"taxonomy_info":[],"featured_image_src_large":false,"author_info":{"display_name":"Nacho","author_link":"https:\/\/www.laparaups.com\/en\/author\/nacho\/"},"comment_info":0,"_links":{"self":[{"href":"https:\/\/www.laparaups.com\/en\/wp-json\/wp\/v2\/pages\/9389","targetHints":{"allow":["GET"]}}],"collection":[{"href":"https:\/\/www.laparaups.com\/en\/wp-json\/wp\/v2\/pages"}],"about":[{"href":"https:\/\/www.laparaups.com\/en\/wp-json\/wp\/v2\/types\/page"}],"author":[{"embeddable":true,"href":"https:\/\/www.laparaups.com\/en\/wp-json\/wp\/v2\/users\/3"}],"replies":[{"embeddable":true,"href":"https:\/\/www.laparaups.com\/en\/wp-json\/wp\/v2\/comments?post=9389"}],"version-history":[{"count":1,"href":"https:\/\/www.laparaups.com\/en\/wp-json\/wp\/v2\/pages\/9389\/revisions"}],"predecessor-version":[{"id":9390,"href":"https:\/\/www.laparaups.com\/en\/wp-json\/wp\/v2\/pages\/9389\/revisions\/9390"}],"wp:attachment":[{"href":"https:\/\/www.laparaups.com\/en\/wp-json\/wp\/v2\/media?parent=9389"}],"curies":[{"name":"wp","href":"https:\/\/api.w.org\/{rel}","templated":true}]}}